{"id":128,"date":"2019-01-20T15:19:43","date_gmt":"2019-01-20T15:19:43","guid":{"rendered":"http:\/\/asv-wadgassen.com\/?page_id=128"},"modified":"2026-03-12T07:32:38","modified_gmt":"2026-03-12T07:32:38","slug":"arbeitseinsatz","status":"publish","type":"page","link":"http:\/\/asv-wadgassen.de\/?page_id=128","title":{"rendered":"Arbeitseinsatz"},"content":{"rendered":"\r\n<h2 style=\"padding-left: 30px; text-align: center;\">Die n\u00e4chsten Pflichtstundentermine f\u00fcr 2026 wurden festgelegt:<\/h2>\r\n<p style=\"text-align: center;\">\u00a0<\/p>\r\n<p style=\"text-align: center;\"><strong>Hier findet Ihr die Termine f\u00fcr die n\u00e4chsten Arbeitseins\u00e4tze:<\/strong><\/p>\r\n<h4 style=\"padding-left: 80px; text-align: center;\">\u00a0<\/h4>\r\n<h2 style=\"text-align: center;\"><strong><span style=\"color: #ff0000;\">Samstag, 14.03.2026 , Treffpunkt 9:00 Uhr<\/span><\/strong><\/h2>\r\n<p style=\"text-align: center;\">\u00a0<\/p>\r\n<h4 style=\"padding-left: 40px; text-align: center;\">Bei Bedarf werden wir noch weitere Arbeitseins\u00e4tze terminieren.<\/h4>\r\n<p style=\"text-align: center;\">\u00a0<\/p>\r\n<h4 style=\"padding-left: 40px; text-align: center;\">Au\u00dferdem k\u00f6nnen auch au\u00dferhalb der vom Vorstand festgesetzten Pflichtstundenterminen, Arbeitseins\u00e4tze nach Voranmeldung abgeleistet werden.<\/h4>\r\n","protected":false},"excerpt":{"rendered":"<p>Die n\u00e4chsten Pflichtstundentermine f\u00fcr 2026 wurden festgelegt: \u00a0 Hier findet Ihr die Termine f\u00fcr die n\u00e4chsten Arbeitseins\u00e4tze: \u00a0 Samstag, 14.03.2026 , Treffpunkt 9:00 Uhr \u00a0 Bei Bedarf werden wir noch weitere Arbeitseins\u00e4tze terminieren. \u00a0 Au\u00dferdem k\u00f6nnen auch au\u00dferhalb der vom Vorstand festgesetzten Pflichtstundenterminen, Arbeitseins\u00e4tze nach Voranmeldung abgeleistet werden.<\/p>\n","protected":false},"author":1,"featured_media":0,"parent":0,"menu_order":0,"comment_status":"closed","ping_status":"closed","template":"","meta":[],"_links":{"self":[{"href":"http:\/\/asv-wadgassen.de\/index.php?rest_route=\/wp\/v2\/pages\/128"}],"collection":[{"href":"http:\/\/asv-wadgassen.de\/index.php?rest_route=\/wp\/v2\/pages"}],"about":[{"href":"http:\/\/asv-wadgassen.de\/index.php?rest_route=\/wp\/v2\/types\/page"}],"author":[{"embeddable":true,"href":"http:\/\/asv-wadgassen.de\/index.php?rest_route=\/wp\/v2\/users\/1"}],"replies":[{"embeddable":true,"href":"http:\/\/asv-wadgassen.de\/index.php?rest_route=%2Fwp%2Fv2%2Fcomments&post=128"}],"version-history":[{"count":41,"href":"http:\/\/asv-wadgassen.de\/index.php?rest_route=\/wp\/v2\/pages\/128\/revisions"}],"predecessor-version":[{"id":1215,"href":"http:\/\/asv-wadgassen.de\/index.php?rest_route=\/wp\/v2\/pages\/128\/revisions\/1215"}],"wp:attachment":[{"href":"http:\/\/asv-wadgassen.de\/index.php?rest_route=%2Fwp%2Fv2%2Fmedia&parent=128"}],"curies":[{"name":"wp","href":"https:\/\/api.w.org\/{rel}","templated":true}]}}