{"id":14,"date":"2019-01-20T14:09:27","date_gmt":"2019-01-20T14:09:27","guid":{"rendered":"http:\/\/asv-wadgassen.com\/?page_id=14"},"modified":"2026-02-12T15:06:46","modified_gmt":"2026-02-12T15:06:46","slug":"vereinsgaststaette","status":"publish","type":"page","link":"http:\/\/asv-wadgassen.de\/?page_id=14","title":{"rendered":"Vereinsgastst\u00e4tte"},"content":{"rendered":"\r\n<h1 style=\"padding-left: 30px;\">Unser Anglerheim<\/h1>\r\n\r\n\r\n\r\n<h2 style=\"padding-left: 30px;\">Unser Anglerheim befindet sich in Wadgassen am Verbindungsweg zwischen der \u201eBisttalstra\u00dfe\u201c und der Stra\u00dfe \u201eIm Wiesengrund\u201c unmittelbar an der Bist.<\/h2>\r\n<h2>\r\n\r\n<\/h2>\r\n<h2 style=\"padding-left: 30px;\">Es ist ein beliebter Treffpunkt f\u00fcr Vereinsmitglieder und f\u00fcr G\u00e4ste.<\/h2>\r\n<h2>\r\n\r\n<\/h2>\r\n<h2 style=\"padding-left: 30px;\">Unsere Clubwirte und Clubwirtinnen freuen sich \u00fcber Ihren Besuch.<\/h2>\r\n<h2>\r\n\r\n<\/h2>\r\n<h2 style=\"padding-left: 30px;\">Unsere \u00d6ffnungszeiten:<\/h2>\r\n<h2 style=\"padding-left: 40px;\">Dienstag &#8211; Freitag 15:00 Uhr &#8211; 20:00 Uhr<\/h2>\r\n<h2 style=\"padding-left: 30px;\">\u00a0 Samstag + Sonntag 11:00 Uhr \u2013 18:00 Uhr<\/h2>\r\n<h2>\r\n\r\n<\/h2>\r\n<p><a href=\"http:\/\/asv-wadgassen.de\/wp-content\/uploads\/2019\/06\/DJI_0049.jpg\" target=\"_blank\" rel=\"noopener noreferrer\"><img decoding=\"async\" loading=\"lazy\" class=\"aligncenter wp-image-497\" src=\"http:\/\/asv-wadgassen.de\/wp-content\/uploads\/2019\/06\/DJI_0049-300x169.jpg\" alt=\"\" width=\"458\" height=\"258\" srcset=\"http:\/\/asv-wadgassen.de\/wp-content\/uploads\/2019\/06\/DJI_0049-300x169.jpg 300w, http:\/\/asv-wadgassen.de\/wp-content\/uploads\/2019\/06\/DJI_0049-768x432.jpg 768w, http:\/\/asv-wadgassen.de\/wp-content\/uploads\/2019\/06\/DJI_0049-1024x576.jpg 1024w\" sizes=\"(max-width: 458px) 100vw, 458px\" \/><\/a><\/p>","protected":false},"excerpt":{"rendered":"<p>Unser Anglerheim Unser Anglerheim befindet sich in Wadgassen am Verbindungsweg zwischen der \u201eBisttalstra\u00dfe\u201c und der Stra\u00dfe \u201eIm Wiesengrund\u201c unmittelbar an der Bist. Es ist ein beliebter Treffpunkt f\u00fcr Vereinsmitglieder und f\u00fcr G\u00e4ste. Unsere Clubwirte und Clubwirtinnen freuen sich \u00fcber Ihren Besuch. Unsere \u00d6ffnungszeiten: Dienstag &#8211; Freitag 15:00 Uhr &#8211; 20:00 Uhr \u00a0 Samstag + Sonntag [&hellip;]<\/p>\n","protected":false},"author":1,"featured_media":0,"parent":0,"menu_order":0,"comment_status":"closed","ping_status":"closed","template":"","meta":[],"_links":{"self":[{"href":"http:\/\/asv-wadgassen.de\/index.php?rest_route=\/wp\/v2\/pages\/14"}],"collection":[{"href":"http:\/\/asv-wadgassen.de\/index.php?rest_route=\/wp\/v2\/pages"}],"about":[{"href":"http:\/\/asv-wadgassen.de\/index.php?rest_route=\/wp\/v2\/types\/page"}],"author":[{"embeddable":true,"href":"http:\/\/asv-wadgassen.de\/index.php?rest_route=\/wp\/v2\/users\/1"}],"replies":[{"embeddable":true,"href":"http:\/\/asv-wadgassen.de\/index.php?rest_route=%2Fwp%2Fv2%2Fcomments&post=14"}],"version-history":[{"count":23,"href":"http:\/\/asv-wadgassen.de\/index.php?rest_route=\/wp\/v2\/pages\/14\/revisions"}],"predecessor-version":[{"id":1212,"href":"http:\/\/asv-wadgassen.de\/index.php?rest_route=\/wp\/v2\/pages\/14\/revisions\/1212"}],"wp:attachment":[{"href":"http:\/\/asv-wadgassen.de\/index.php?rest_route=%2Fwp%2Fv2%2Fmedia&parent=14"}],"curies":[{"name":"wp","href":"https:\/\/api.w.org\/{rel}","templated":true}]}}