{"id":20,"date":"2019-01-20T14:08:44","date_gmt":"2019-01-20T14:08:44","guid":{"rendered":"http:\/\/asv-wadgassen.com\/?page_id=20"},"modified":"2026-04-26T09:05:56","modified_gmt":"2026-04-26T09:05:56","slug":"mitgliedschaft","status":"publish","type":"page","link":"http:\/\/asv-wadgassen.de\/?page_id=20","title":{"rendered":"Mitgliedschaft"},"content":{"rendered":"\r\n<table class=\"wp-block-table\">\r\n<tbody>\r\n<tr>\r\n<td style=\"padding-left: 30px;\">\r\n<h2>So wirst du Mitglied\u2026 Derzeit betr\u00e4gt die Mitgliederzahl 113. Weitere Mitglieder sind herzlich willkommen. Die Mitgliedschaft erfolgt mittels Aufnahmeantrag.<\/h2>\r\n<h2>Die Aufnahmegeb\u00fchr betr\u00e4gt f\u00fcr:<\/h2>\r\n<h2>Aktive Erwachsene 120 \u20ac \u2013 Inaktive Erwachsene frei.<\/h2>\r\n<h2>Jugendliche bis 16 Jahre sind von der Aufnahmegeb\u00fchr befreit. \u00a0<\/h2>\r\n<h2>Der Jahresbeitrag betr\u00e4gt<\/h2>\r\n<h2>f\u00fcr:<\/h2>\r\n<h2>Aktive Erwachsene 70 \u20ac \u2013 Inaktive Erwachsene 35 \u20ac<\/h2>\r\n<h2>Jugendliche 25 \u20ac<\/h2>\r\n<h2><strong>Neuanmeldungen:<\/strong><\/h2>\r\n<h2>Neuanmeldungen m\u00fcssen nach best\u00e4tigter Aufnahme durch den aktiven Vorstand Ihren Jahresbeitrage, sowie evt. Aufnahmegeb\u00fchr im 1. Jahr der Neuaufnahme Bar an den Kassenwart abf\u00fchren. <strong>Download Aufnahmeantrag<\/strong> <a href=\"http:\/\/asv-wadgassen.de\/wp-content\/uploads\/2026\/04\/aufnahmeantrag-2017-neu.pdf\" target=\"_blank\" rel=\"noreferrer noopener\">Aufnahmeantrag<\/a> <strong>Download Einzugserm\u00e4chtigung<\/strong> <a href=\"http:\/\/asv-wadgassen.de\/wp-content\/uploads\/2019\/03\/einzugsermaechtigung2019.pdf\" target=\"_blank\" rel=\"noreferrer noopener\">Einzugsermaechtigung<\/a> \u00a0 \u00a0<\/h2>\r\n<\/td>\r\n<\/tr>\r\n<tr>\r\n<td style=\"padding-left: 30px;\">\r\n<h2>Fangbegrenzung f\u00fcr Mitglieder <strong>w\u00f6chentlich:<br \/>1 Karpfen oder Grasfisch<br \/>2 Schleien<br \/>1 Hecht oder Zander<br \/>2 Barsche<br \/>4 Forellen<br \/>1 Aal<br \/><\/strong><\/h2>\r\n<h2><strong>t\u00e4glich: 10 Wei\u00dffische<\/strong> Das Anf\u00fcttern ist bis h\u00f6chstens 500 g erlaubt.<\/h2>\r\n<h2>Das Fischen mit lebendem K\u00f6derfisch ist gesetzlich strikt verboten.<\/h2>\r\n<h2>Alle gefangenen unterma\u00dfigen Fische sind schonend zu behandeln und grunds\u00e4tzlich zur\u00fcck zu setzen. Von Jahresbeginn bis jeweils 31.05. ist das Blinkern und Spinnfischen untersagt.<\/h2>\r\n<h2>In der Zeit vom 15.02. bis 31.05. jeden Jahres ist der Fang von Zander, in der Zeit vom 15.02. bis 31.05. jeden Jahres der Fang von Hecht verboten.<\/h2>\r\n<\/td>\r\n<\/tr>\r\n<\/tbody>\r\n<\/table>\r\n","protected":false},"excerpt":{"rendered":"<p>So wirst du Mitglied\u2026 Derzeit betr\u00e4gt die Mitgliederzahl 113. Weitere Mitglieder sind herzlich willkommen. Die Mitgliedschaft erfolgt mittels Aufnahmeantrag. Die Aufnahmegeb\u00fchr betr\u00e4gt f\u00fcr: Aktive Erwachsene 120 \u20ac \u2013 Inaktive Erwachsene frei. Jugendliche bis 16 Jahre sind von der Aufnahmegeb\u00fchr befreit. \u00a0 Der Jahresbeitrag betr\u00e4gt f\u00fcr: Aktive Erwachsene 70 \u20ac \u2013 Inaktive Erwachsene 35 \u20ac Jugendliche [&hellip;]<\/p>\n","protected":false},"author":1,"featured_media":0,"parent":0,"menu_order":0,"comment_status":"closed","ping_status":"closed","template":"","meta":{"footnotes":""},"class_list":["post-20","page","type-page","status-publish","hentry"],"_links":{"self":[{"href":"http:\/\/asv-wadgassen.de\/index.php?rest_route=\/wp\/v2\/pages\/20","targetHints":{"allow":["GET"]}}],"collection":[{"href":"http:\/\/asv-wadgassen.de\/index.php?rest_route=\/wp\/v2\/pages"}],"about":[{"href":"http:\/\/asv-wadgassen.de\/index.php?rest_route=\/wp\/v2\/types\/page"}],"author":[{"embeddable":true,"href":"http:\/\/asv-wadgassen.de\/index.php?rest_route=\/wp\/v2\/users\/1"}],"replies":[{"embeddable":true,"href":"http:\/\/asv-wadgassen.de\/index.php?rest_route=%2Fwp%2Fv2%2Fcomments&post=20"}],"version-history":[{"count":14,"href":"http:\/\/asv-wadgassen.de\/index.php?rest_route=\/wp\/v2\/pages\/20\/revisions"}],"predecessor-version":[{"id":1230,"href":"http:\/\/asv-wadgassen.de\/index.php?rest_route=\/wp\/v2\/pages\/20\/revisions\/1230"}],"wp:attachment":[{"href":"http:\/\/asv-wadgassen.de\/index.php?rest_route=%2Fwp%2Fv2%2Fmedia&parent=20"}],"curies":[{"name":"wp","href":"https:\/\/api.w.org\/{rel}","templated":true}]}}