{"id":22,"date":"2019-01-20T14:09:45","date_gmt":"2019-01-20T14:09:45","guid":{"rendered":"http:\/\/asv-wadgassen.com\/?page_id=22"},"modified":"2019-07-03T19:27:08","modified_gmt":"2019-07-03T19:27:08","slug":"anreise","status":"publish","type":"page","link":"http:\/\/asv-wadgassen.de\/?page_id=22","title":{"rendered":"Anreise"},"content":{"rendered":"\r\n<h1 style=\"padding-left: 30px;\">Hier finden Sie uns<\/h1>\r\n\r\n\r\n\r\n<h2 style=\"padding-left: 30px;\"><strong>Angelsportverein Wadgassen<br \/>Anglerheim<br \/>Im Wiesengrund 43<br \/>66787 Wadgassen<\/strong><\/h2>\r\n\r\n\r\n\r\n<h1 style=\"padding-left: 30px;\">Anfahrt mit dem PKW<\/h1>\r\n\r\n\r\n\r\n<h2 style=\"padding-left: 30px;\">Von V\u00f6lklingen kommend in H\u00f6he des ATS-Sportzentrums nach links in die Turnerstra\u00dfe abbiegen.<br \/>An der n\u00e4chsten Kreuzung noch ca. 100 m geradeaus fahren. Dann nach rechts in die Bisttalstra\u00dfe abbiegen.<br \/>Nach ca. 200 m erreichen Sie unsere Weiheranlagen.<\/h2>\r\n<h2>\r\n\r\n<\/h2>\r\n<h2 style=\"padding-left: 30px;\">Von Saarlouis kommend hinter den Bahngleisen nach rechts in die Stra\u00dfe \u201c IM WIESENGRUND \u201c abbiegen.<br \/>Nach ca. 300 m nach links abbiegen.<\/h2>\r\n<h2>\u00a0<\/h2>\r\n<p><strong>\u00a0<\/strong><\/p>\r\n\r\n<p style=\"padding-left: 40px;\"><iframe loading=\"lazy\" style=\"border: 0;\" src=\"https:\/\/www.google.com\/maps\/embed?pb=!1m18!1m12!1m3!1d1548.291331276416!2d6.802459103913843!3d49.259241582318616!2m3!1f0!2f0!3f0!3m2!1i1024!2i768!4f13.1!3m3!1m2!1s0x4795af54d01173b5%3A0x95149e8fe5490635!2sAnglerheim+Wadgassen!5e0!3m2!1sde!2sde!4v1562181678605!5m2!1sde!2sde\" width=\"800\" height=\"650\" frameborder=\"0\" allowfullscreen=\"allowfullscreen\"><\/iframe><\/p>","protected":false},"excerpt":{"rendered":"<p>Hier finden Sie uns Angelsportverein WadgassenAnglerheimIm Wiesengrund 4366787 Wadgassen Anfahrt mit dem PKW Von V\u00f6lklingen kommend in H\u00f6he des ATS-Sportzentrums nach links in die Turnerstra\u00dfe abbiegen.An der n\u00e4chsten Kreuzung noch ca. 100 m geradeaus fahren. Dann nach rechts in die Bisttalstra\u00dfe abbiegen.Nach ca. 200 m erreichen Sie unsere Weiheranlagen. Von Saarlouis kommend hinter den Bahngleisen [&hellip;]<\/p>\n","protected":false},"author":1,"featured_media":0,"parent":0,"menu_order":1,"comment_status":"closed","ping_status":"closed","template":"","meta":[],"_links":{"self":[{"href":"http:\/\/asv-wadgassen.de\/index.php?rest_route=\/wp\/v2\/pages\/22"}],"collection":[{"href":"http:\/\/asv-wadgassen.de\/index.php?rest_route=\/wp\/v2\/pages"}],"about":[{"href":"http:\/\/asv-wadgassen.de\/index.php?rest_route=\/wp\/v2\/types\/page"}],"author":[{"embeddable":true,"href":"http:\/\/asv-wadgassen.de\/index.php?rest_route=\/wp\/v2\/users\/1"}],"replies":[{"embeddable":true,"href":"http:\/\/asv-wadgassen.de\/index.php?rest_route=%2Fwp%2Fv2%2Fcomments&post=22"}],"version-history":[{"count":10,"href":"http:\/\/asv-wadgassen.de\/index.php?rest_route=\/wp\/v2\/pages\/22\/revisions"}],"predecessor-version":[{"id":516,"href":"http:\/\/asv-wadgassen.de\/index.php?rest_route=\/wp\/v2\/pages\/22\/revisions\/516"}],"wp:attachment":[{"href":"http:\/\/asv-wadgassen.de\/index.php?rest_route=%2Fwp%2Fv2%2Fmedia&parent=22"}],"curies":[{"name":"wp","href":"https:\/\/api.w.org\/{rel}","templated":true}]}}