{"id":221,"date":"2019-01-22T08:12:39","date_gmt":"2019-01-22T08:12:39","guid":{"rendered":"http:\/\/asv-wadgassen.de\/?page_id=221"},"modified":"2019-01-23T15:06:30","modified_gmt":"2019-01-23T15:06:30","slug":"datenschutz","status":"publish","type":"page","link":"http:\/\/asv-wadgassen.de\/?page_id=221","title":{"rendered":"Datenschutz"},"content":{"rendered":"\r\n<p class=\"has-background has-medium-font-size has-pale-cyan-blue-background-color\" style=\"text-align: center;\">Datenschutzerkl\u00e4rung<\/p>\r\n\r\n\r\n\r\n<p class=\"has-background has-very-light-gray-background-color\" style=\"text-align: left; padding-left: 30px;\">Grundlegendes Diese Datenschutzerkl\u00e4rung soll die Nutzer dieser Website \u00fcber die Art, den Umfang und den Zweck der Erhebung und Verwendung personenbezogener Daten durch den Websitebetreiber ASV Wadgassen e.V. informieren. Der Websitebetreiber nimmt Ihren Datenschutz sehr ernst und behandelt Ihre personenbezogenen Daten vertraulich und entsprechend der gesetzlichen Vorschriften. Da durch neue Technologien und die st\u00e4ndige Weiterentwicklung dieser Webseite \u00c4nderungen an dieser Datenschutzerkl\u00e4rung vorgenommen werden k\u00f6nnen, empfehlen wir Ihnen sich die Datenschutzerkl\u00e4rung in regelm\u00e4\u00dfigen Abst\u00e4nden wieder durchzulesen. Definitionen der verwendeten Begriffe (z.B. \u201cpersonenbezogene Daten\u201d oder \u201cVerarbeitung\u201d) finden Sie in Art. 4 DSGVO. Zugriffsdaten Wir, der Websitebetreiber bzw. Seitenprovider, erheben aufgrund unseres berechtigten Interesses (s. Art. 6 Abs. 1 lit. f. DSGVO) Daten \u00fcber Zugriffe auf die Website und speichern diese als \u201eServer-Logfiles\u201c auf dem Server der Website ab. Folgende Daten werden so protokolliert: \u2022 Besuchte Website \u2022 Uhrzeit zum Zeitpunkt des Zugriffes \u2022 Menge der gesendeten Daten in Byte \u2022 Quelle\/Verweis, von welchem Sie auf die Seite gelangten \u2022 Verwendeter Browser \u2022 Verwendetes Betriebssystem \u2022 Verwendete IP-Adresse Die Server-Logfiles werden f\u00fcr maximal 7 Tage gespeichert und anschlie\u00dfend gel\u00f6scht. Die Speicherung der Daten erfolgt aus Sicherheitsgr\u00fcnden, um z. B. Missbrauchsf\u00e4lle aufkl\u00e4ren zu k\u00f6nnen. M\u00fcssen Daten aus Beweisgr\u00fcnden aufgehoben werden, sind sie solange von der L\u00f6schung ausgenommen bis der Vorfall endg\u00fcltig gekl\u00e4rt ist.<\/p>\r\n\r\n\r\n\r\n<p class=\"has-background has-pale-cyan-blue-background-color\" style=\"text-align: center;\">Reichweitenmessung &amp; Cookies<\/p>\r\n\r\n\r\n\r\n<p class=\"has-background has-very-light-gray-background-color\" style=\"padding-left: 30px;\">Diese Website verwendet Cookies zur pseudonymisierten Reichweitenmessung, die entweder von unserem Server oder dem Server Dritter an den Browser des Nutzers \u00fcbertragen werden. Bei Cookies handelt es sich um kleine Dateien, welche auf Ihrem Endger\u00e4t gespeichert werden. Ihr Browser greift auf diese Dateien zu. Durch den Einsatz von Cookies erh\u00f6ht sich die Benutzerfreundlichkeit und Sicherheit dieser Website. Falls Sie nicht m\u00f6chten, dass Cookies zur Reichweitenmessung auf Ihrem Endger\u00e4t gespeichert werden, k\u00f6nnen Sie dem Einsatz dieser Dateien hier widersprechen:<\/p>\r\n\r\n\r\n\r\n<p class=\"has-background has-very-light-gray-background-color\" style=\"padding-left: 30px;\">\u2022 Cookie-Deaktivierungsseite der Netzwerkwerbeinitiative: http:\/\/optout.networkadvertising.org\/?c=1#!\/<\/p>\r\n\r\n\r\n\r\n<p class=\"has-background has-very-light-gray-background-color\" style=\"padding-left: 30px;\">\u2022 Cookie-Deaktivierungsseite der US-amerikanischen Website: http:\/\/optout.aboutads.info\/?c=2#!\/<\/p>\r\n\r\n\r\n\r\n<p class=\"has-background has-very-light-gray-background-color\" style=\"padding-left: 30px;\">\u2022 Cookie-Deaktivierungsseite der europ\u00e4ischen Website: http:\/\/optout.networkadvertising.org\/?c=1#!\/<\/p>\r\n\r\n\r\n\r\n<p class=\"has-background has-very-light-gray-background-color\" style=\"padding-left: 30px;\">G\u00e4ngige Browser bieten die Einstellungsoption, Cookies nicht zuzulassen. Hinweis: Es ist nicht gew\u00e4hrleistet, dass Sie auf alle Funktionen dieser Website ohne Einschr\u00e4nkungen zugreifen k\u00f6nnen, wenn Sie entsprechende Einstellungen vornehmen. Erfassung und Verarbeitung personenbezogener Daten Der Websitebetreiber erhebt, nutzt und gibt Ihre personenbezogenen Daten nur dann weiter, wenn dies im gesetzlichen Rahmen erlaubt ist oder Sie in die Datenerhebung einwilligen. Als personenbezogene Daten gelten s\u00e4mtliche Informationen, welche dazu dienen, Ihre Person zu bestimmen und welche zu Ihnen zur\u00fcckverfolgt werden k\u00f6nnen \u2013 also beispielsweise Ihr Name, Ihre E-Mail-Adresse und Telefonnummer. Diese Website k\u00f6nnen Sie auch besuchen, ohne Angaben zu Ihrer Person zu machen. Zur Verbesserung unseres Online-Angebotes speichern wir jedoch (ohne Personenbezug) Ihre Zugriffsdaten auf diese Website. Zu diesen Zugriffsdaten geh\u00f6ren z. B. die von Ihnen angeforderte Datei oder der Name Ihres Internet-Providers. Durch die Anonymisierung der Daten sind R\u00fcckschl\u00fcsse auf Ihre Person nicht m\u00f6glich.<\/p>\r\n\r\n\r\n\r\n<p class=\"has-background has-pale-cyan-blue-background-color\" style=\"text-align: center; padding-left: 30px;\">Widerspruchsrecht<\/p>\r\n\r\n\r\n\r\n<p class=\"has-background has-very-light-gray-background-color\" style=\"padding-left: 30px;\">Nutzer dieser Webseite k\u00f6nnen von ihrem Widerspruchsrecht Gebrauch machen und der Verarbeitung ihrer personenbezogenen Daten zu jeder Zeit widersprechen. Wenn Sie eine Berichtigung, Sperrung, L\u00f6schung oder Auskunft \u00fcber die zu Ihrer Person gespeicherten personenbezogenen Daten w\u00fcnschen oder Fragen bzgl. der Erhebung, Verarbeitung oder Verwendung Ihrer personenbezogenen Daten haben oder erteilte Einwilligungen widerrufen m\u00f6chten, wenden Sie sich bitte an folgende E-Mail-Adresse: [info@asv-wadgassen.de]<\/p>\r\n","protected":false},"excerpt":{"rendered":"<p>Datenschutzerkl\u00e4rung Grundlegendes Diese Datenschutzerkl\u00e4rung soll die Nutzer dieser Website \u00fcber die Art, den Umfang und den Zweck der Erhebung und Verwendung personenbezogener Daten durch den Websitebetreiber ASV Wadgassen e.V. informieren. Der Websitebetreiber nimmt Ihren Datenschutz sehr ernst und behandelt Ihre personenbezogenen Daten vertraulich und entsprechend der gesetzlichen Vorschriften. Da durch neue Technologien und die st\u00e4ndige [&hellip;]<\/p>\n","protected":false},"author":1,"featured_media":0,"parent":0,"menu_order":0,"comment_status":"closed","ping_status":"closed","template":"","meta":[],"_links":{"self":[{"href":"http:\/\/asv-wadgassen.de\/index.php?rest_route=\/wp\/v2\/pages\/221"}],"collection":[{"href":"http:\/\/asv-wadgassen.de\/index.php?rest_route=\/wp\/v2\/pages"}],"about":[{"href":"http:\/\/asv-wadgassen.de\/index.php?rest_route=\/wp\/v2\/types\/page"}],"author":[{"embeddable":true,"href":"http:\/\/asv-wadgassen.de\/index.php?rest_route=\/wp\/v2\/users\/1"}],"replies":[{"embeddable":true,"href":"http:\/\/asv-wadgassen.de\/index.php?rest_route=%2Fwp%2Fv2%2Fcomments&post=221"}],"version-history":[{"count":11,"href":"http:\/\/asv-wadgassen.de\/index.php?rest_route=\/wp\/v2\/pages\/221\/revisions"}],"predecessor-version":[{"id":251,"href":"http:\/\/asv-wadgassen.de\/index.php?rest_route=\/wp\/v2\/pages\/221\/revisions\/251"}],"wp:attachment":[{"href":"http:\/\/asv-wadgassen.de\/index.php?rest_route=%2Fwp%2Fv2%2Fmedia&parent=221"}],"curies":[{"name":"wp","href":"https:\/\/api.w.org\/{rel}","templated":true}]}}