{"id":23,"date":"2019-01-20T13:51:40","date_gmt":"2019-01-20T13:51:40","guid":{"rendered":"http:\/\/asv-wadgassen.com\/?page_id=23"},"modified":"2020-10-02T11:43:57","modified_gmt":"2020-10-02T11:43:57","slug":"impressum","status":"publish","type":"page","link":"http:\/\/asv-wadgassen.de\/?page_id=23","title":{"rendered":"Impressum"},"content":{"rendered":"\r\n<table class=\"wp-block-table is-style-stripes\">\r\n<tbody>\r\n<tr>\r\n<td style=\"padding-left: 30px;\">\r\n<h2>Adresse Angelsportverein Wadgassen<\/h2>\r\n<h2>Im Wiesengrund 43<\/h2>\r\n<h2>66787 Wadgassen<\/h2>\r\n<h2>Tel.: 06834\/47281 E-Mail: info@asv-wadgassen.de\u00a0\u00a0<\/h2>\r\n<h2>Registergericht Registergericht Saarlouis<\/h2>\r\n<h2>Registernummer VR 615<\/h2>\r\n<h2>Vertretungsberechtigter Vorstand Lars Forth (1.Vorsitzender)<\/h2>\r\n<h2>F\u00fcr den Inhalt verantwortlich ASV Wadgassen e.V.<\/h2>\r\n<h2>Haftungsausschluss Trotz sorgf\u00e4ltiger Pr\u00fcfung k\u00f6nnen wir keine Haftung f\u00fcr die Inhalte der Web-Seiten \u00fcbernehmen.<\/h2>\r\n<\/td>\r\n<\/tr>\r\n<tr>\r\n<td style=\"padding-left: 30px;\">\r\n<h2>Registergericht: \u00a0Registergericht Saarlouis<\/h2>\r\n<\/td>\r\n<\/tr>\r\n<tr>\r\n<td>\u00a0<\/td>\r\n<\/tr>\r\n<tr>\r\n<td>\u00a0<\/td>\r\n<\/tr>\r\n<tr>\r\n<td>\u00a0<\/td>\r\n<\/tr>\r\n<tr>\r\n<td>\u00a0<\/td>\r\n<\/tr>\r\n<\/tbody>\r\n<\/table>\r\n\r\n\r\n\r\n<p>&nbsp;<\/p>\r\n","protected":false},"excerpt":{"rendered":"<p>Adresse Angelsportverein Wadgassen Im Wiesengrund 43 66787 Wadgassen Tel.: 06834\/47281 E-Mail: info@asv-wadgassen.de\u00a0\u00a0 Registergericht Registergericht Saarlouis Registernummer VR 615 Vertretungsberechtigter Vorstand Lars Forth (1.Vorsitzender) F\u00fcr den Inhalt verantwortlich ASV Wadgassen e.V. Haftungsausschluss Trotz sorgf\u00e4ltiger Pr\u00fcfung k\u00f6nnen wir keine Haftung f\u00fcr die Inhalte der Web-Seiten \u00fcbernehmen. Registergericht: \u00a0Registergericht Saarlouis \u00a0 \u00a0 \u00a0 \u00a0 &nbsp;<\/p>\n","protected":false},"author":1,"featured_media":0,"parent":0,"menu_order":0,"comment_status":"closed","ping_status":"closed","template":"","meta":{"footnotes":""},"class_list":["post-23","page","type-page","status-publish","hentry"],"_links":{"self":[{"href":"http:\/\/asv-wadgassen.de\/index.php?rest_route=\/wp\/v2\/pages\/23","targetHints":{"allow":["GET"]}}],"collection":[{"href":"http:\/\/asv-wadgassen.de\/index.php?rest_route=\/wp\/v2\/pages"}],"about":[{"href":"http:\/\/asv-wadgassen.de\/index.php?rest_route=\/wp\/v2\/types\/page"}],"author":[{"embeddable":true,"href":"http:\/\/asv-wadgassen.de\/index.php?rest_route=\/wp\/v2\/users\/1"}],"replies":[{"embeddable":true,"href":"http:\/\/asv-wadgassen.de\/index.php?rest_route=%2Fwp%2Fv2%2Fcomments&post=23"}],"version-history":[{"count":8,"href":"http:\/\/asv-wadgassen.de\/index.php?rest_route=\/wp\/v2\/pages\/23\/revisions"}],"predecessor-version":[{"id":745,"href":"http:\/\/asv-wadgassen.de\/index.php?rest_route=\/wp\/v2\/pages\/23\/revisions\/745"}],"wp:attachment":[{"href":"http:\/\/asv-wadgassen.de\/index.php?rest_route=%2Fwp%2Fv2%2Fmedia&parent=23"}],"curies":[{"name":"wp","href":"https:\/\/api.w.org\/{rel}","templated":true}]}}